{"id":1377,"date":"2025-04-17T19:14:29","date_gmt":"2025-04-17T17:14:29","guid":{"rendered":"https:\/\/selfdefensefeminineparis.com\/?page_id=1377"},"modified":"2025-04-17T20:00:29","modified_gmt":"2025-04-17T18:00:29","slug":"mentions-legales","status":"publish","type":"page","link":"https:\/\/selfdefensefeminineparis.com\/en\/mentions-legales\/","title":{"rendered":"Mentions L\u00e9gales"},"content":{"rendered":"<div class=\"wp-block-cover alignwide\"><img decoding=\"async\" width=\"1024\" height=\"576\" class=\"wp-block-cover__image-background wp-image-1368 size-large lazyload\" alt=\"\" data-src=\"https:\/\/selfdefensefeminineparis.com\/wp-content\/uploads\/2025\/04\/2-1024x576.png\" style=\"--smush-placeholder-width: 1024px; --smush-placeholder-aspect-ratio: 1024\/576;object-position:80% 54%\" data-object-fit=\"cover\" data-object-position=\"80% 54%\" data-srcset=\"https:\/\/selfdefensefeminineparis.com\/wp-content\/uploads\/2025\/04\/2-1024x576.png 1024w, https:\/\/selfdefensefeminineparis.com\/wp-content\/uploads\/2025\/04\/2-300x169.png 300w, https:\/\/selfdefensefeminineparis.com\/wp-content\/uploads\/2025\/04\/2-768x432.png 768w, https:\/\/selfdefensefeminineparis.com\/wp-content\/uploads\/2025\/04\/2-1536x864.png 1536w, https:\/\/selfdefensefeminineparis.com\/wp-content\/uploads\/2025\/04\/2.png 1920w\" data-sizes=\"(max-width: 1024px) 100vw, 1024px\" src=\"data:image\/svg+xml;base64,PHN2ZyB3aWR0aD0iMSIgaGVpZ2h0PSIxIiB4bWxucz0iaHR0cDovL3d3dy53My5vcmcvMjAwMC9zdmciPjwvc3ZnPg==\" \/><span aria-hidden=\"true\" class=\"wp-block-cover__background has-ast-global-color-6-background-color has-background-dim\"><\/span><div class=\"wp-block-cover__inner-container is-layout-constrained wp-block-cover-is-layout-constrained\">\n<p><\/p>\n<\/div><\/div>\n\n\n\n<div class=\"wp-block-uagb-container uagb-block-nk60kehg alignfull uagb-is-root-container\"><div class=\"uagb-container-inner-blocks-wrap\">\n<div class=\"wp-block-uagb-info-box uagb-block-nxr5z5xe uagb-infobox__content-wrap  uagb-infobox-icon-above-title uagb-infobox-image-valign-top\"><div class=\"uagb-ifb-content\"><div class=\"uagb-ifb-title-wrap\"><p class=\"uagb-ifb-title-prefix\">Legal<\/p><h2 class=\"uagb-ifb-title\">Lok Yiu Wing Chun France<\/h2><\/div><p class=\"uagb-ifb-desc\">Si\u00e8ge social : 48 rue Martre 92110 Clichy<br>RNA : W782009793<br>SIRET : 924 543 853 00023<br>Responsable : Guillaume Garcia<br>contact@wingchunparis.com<\/p><\/div><\/div>\n\n\n\n<div class=\"wp-block-uagb-container uagb-block-rculjfzj\">\n<div class=\"wp-block-uagb-container uagb-block-zpwiil6n\">\n<div class=\"wp-block-uagb-container uagb-block-vtebgfj1\">\n<div class=\"wp-block-uagb-advanced-heading uagb-block-kubzauir\"><h3 class=\"uagb-heading-text\">Propri\u00e9t\u00e9 intellectuelle<\/h3><\/div>\n<\/div>\n\n\n\n<div class=\"wp-block-uagb-container uagb-block-krehjnmv\">\n<div class=\"wp-block-uagb-advanced-heading uagb-block-setkoljm\"><p class=\"uagb-heading-text\">Tous les contenus pr\u00e9sents sur ce site (textes, images, vid\u00e9os, logo\u2026) sont la propri\u00e9t\u00e9 de l&rsquo;association, sauf mention contraire. Toute reproduction est interdite sans autorisation \u00e9crite.<\/p><\/div>\n<\/div>\n<\/div>\n\n\n\n<div class=\"wp-block-uagb-container uagb-block-fzj7qsmc\">\n<div class=\"wp-block-uagb-container uagb-block-cajrcwzn\">\n<div class=\"wp-block-uagb-advanced-heading uagb-block-fd8v9cjk\"><h3 class=\"uagb-heading-text\">Donn\u00e9es personnelles<\/h3><\/div>\n<\/div>\n\n\n\n<div class=\"wp-block-uagb-container uagb-block-2qywpf7x\">\n<div class=\"wp-block-uagb-advanced-heading uagb-block-0ii9syux\"><p class=\"uagb-heading-text\">Les donn\u00e9es collect\u00e9es via les formulaires sont uniquement utilis\u00e9es pour r\u00e9pondre aux demandes. Conform\u00e9ment \u00e0 la loi \u00ab\u00a0Informatique et Libert\u00e9s\u00a0\u00bb et au RGPD, vous disposez d\u2019un droit d\u2019acc\u00e8s, de rectification et de suppression des donn\u00e9es vous concernant.<\/p><\/div>\n<\/div>\n<\/div>\n\n\n\n<div class=\"wp-block-uagb-container uagb-block-94f5f13b\">\n<div class=\"wp-block-uagb-container uagb-block-6ba521de\">\n<div class=\"wp-block-uagb-advanced-heading uagb-block-c82652cc\"><h3 class=\"uagb-heading-text\">H\u00e9bergeur du site<\/h3><\/div>\n<\/div>\n\n\n\n<div class=\"wp-block-uagb-container uagb-block-9ae3c2b5\">\n<div class=\"wp-block-uagb-advanced-heading uagb-block-44fb8049\"><p class=\"uagb-heading-text\">Fran\u00e7ois Schmidts, 108 rue Orfila 75020, Paris<\/p><\/div>\n<\/div>\n<\/div>\n\n\n\n<div class=\"wp-block-uagb-container uagb-block-d0b23909\">\n<div class=\"wp-block-uagb-container uagb-block-52557b18\">\n<div class=\"wp-block-uagb-advanced-heading uagb-block-047d3ae5\"><h3 class=\"uagb-heading-text\">D\u00e9veloppeur<\/h3><\/div>\n<\/div>\n\n\n\n<div class=\"wp-block-uagb-container uagb-block-ae435843\">\n<div class=\"wp-block-uagb-advanced-heading uagb-block-c66b613a\"><p class=\"uagb-heading-text\">Guillaume Garcia<\/p><\/div>\n<\/div>\n<\/div>\n<\/div>\n<\/div><\/div>","protected":false},"excerpt":{"rendered":"<p>Propri\u00e9t\u00e9 intellectuelle Tous les contenus pr\u00e9sents sur ce site (textes, images, vid\u00e9os, logo\u2026) sont la propri\u00e9t\u00e9 de l&rsquo;association, sauf mention contraire. Toute reproduction est interdite sans autorisation \u00e9crite. Donn\u00e9es personnelles Les donn\u00e9es collect\u00e9es via les formulaires sont uniquement utilis\u00e9es pour r\u00e9pondre aux demandes. Conform\u00e9ment \u00e0 la loi \u00ab\u00a0Informatique et Libert\u00e9s\u00a0\u00bb et au RGPD, vous disposez [&hellip;]<\/p>\n","protected":false},"author":1,"featured_media":0,"parent":0,"menu_order":0,"comment_status":"closed","ping_status":"closed","template":"","meta":{"_uag_custom_page_level_css":"","site-sidebar-layout":"default","site-content-layout":"","ast-site-content-layout":"default","site-content-style":"default","site-sidebar-style":"default","ast-global-header-display":"","ast-banner-title-visibility":"","ast-main-header-display":"","ast-hfb-above-header-display":"","ast-hfb-below-header-display":"","ast-hfb-mobile-header-display":"","site-post-title":"disabled","ast-breadcrumbs-content":"","ast-featured-img":"","footer-sml-layout":"","ast-disable-related-posts":"","theme-transparent-header-meta":"","adv-header-id-meta":"","stick-header-meta":"","header-above-stick-meta":"","header-main-stick-meta":"","header-below-stick-meta":"","astra-migrate-meta-layouts":"set","ast-page-background-enabled":"default","ast-page-background-meta":{"desktop":{"background-color":"","background-image":"","background-repeat":"repeat","background-position":"center center","background-size":"auto","background-attachment":"scroll","background-type":"","background-media":"","overlay-type":"","overlay-color":"","overlay-opacity":"","overlay-gradient":""},"tablet":{"background-color":"","background-image":"","background-repeat":"repeat","background-position":"center center","background-size":"auto","background-attachment":"scroll","background-type":"","background-media":"","overlay-type":"","overlay-color":"","overlay-opacity":"","overlay-gradient":""},"mobile":{"background-color":"","background-image":"","background-repeat":"repeat","background-position":"center center","background-size":"auto","background-attachment":"scroll","background-type":"","background-media":"","overlay-type":"","overlay-color":"","overlay-opacity":"","overlay-gradient":""}},"ast-content-background-meta":{"desktop":{"background-color":"var(--ast-global-color-5)","background-image":"","background-repeat":"repeat","background-position":"center center","background-size":"auto","background-attachment":"scroll","background-type":"","background-media":"","overlay-type":"","overlay-color":"","overlay-opacity":"","overlay-gradient":""},"tablet":{"background-color":"var(--ast-global-color-5)","background-image":"","background-repeat":"repeat","background-position":"center center","background-size":"auto","background-attachment":"scroll","background-type":"","background-media":"","overlay-type":"","overlay-color":"","overlay-opacity":"","overlay-gradient":""},"mobile":{"background-color":"var(--ast-global-color-5)","background-image":"","background-repeat":"repeat","background-position":"center center","background-size":"auto","background-attachment":"scroll","background-type":"","background-media":"","overlay-type":"","overlay-color":"","overlay-opacity":"","overlay-gradient":""}},"footnotes":""},"class_list":["post-1377","page","type-page","status-publish","hentry"],"aioseo_notices":[],"uagb_featured_image_src":{"full":false,"thumbnail":false,"medium":false,"medium_large":false,"large":false,"1536x1536":false,"2048x2048":false,"trp-custom-language-flag":false},"uagb_author_info":{"display_name":"guillaume","author_link":"https:\/\/selfdefensefeminineparis.com\/en\/author\/guillaume\/"},"uagb_comment_info":0,"uagb_excerpt":"Propri\u00e9t\u00e9 intellectuelle Tous les contenus pr\u00e9sents sur ce site (textes, images, vid\u00e9os, logo\u2026) sont la propri\u00e9t\u00e9 de l&rsquo;association, sauf mention contraire. Toute reproduction est interdite sans autorisation \u00e9crite. Donn\u00e9es personnelles Les donn\u00e9es collect\u00e9es via les formulaires sont uniquement utilis\u00e9es pour r\u00e9pondre aux demandes. Conform\u00e9ment \u00e0 la loi \u00ab\u00a0Informatique et Libert\u00e9s\u00a0\u00bb et au RGPD, vous disposez&hellip;","_links":{"self":[{"href":"https:\/\/selfdefensefeminineparis.com\/en\/wp-json\/wp\/v2\/pages\/1377","targetHints":{"allow":["GET"]}}],"collection":[{"href":"https:\/\/selfdefensefeminineparis.com\/en\/wp-json\/wp\/v2\/pages"}],"about":[{"href":"https:\/\/selfdefensefeminineparis.com\/en\/wp-json\/wp\/v2\/types\/page"}],"author":[{"embeddable":true,"href":"https:\/\/selfdefensefeminineparis.com\/en\/wp-json\/wp\/v2\/users\/1"}],"replies":[{"embeddable":true,"href":"https:\/\/selfdefensefeminineparis.com\/en\/wp-json\/wp\/v2\/comments?post=1377"}],"version-history":[{"count":2,"href":"https:\/\/selfdefensefeminineparis.com\/en\/wp-json\/wp\/v2\/pages\/1377\/revisions"}],"predecessor-version":[{"id":1405,"href":"https:\/\/selfdefensefeminineparis.com\/en\/wp-json\/wp\/v2\/pages\/1377\/revisions\/1405"}],"wp:attachment":[{"href":"https:\/\/selfdefensefeminineparis.com\/en\/wp-json\/wp\/v2\/media?parent=1377"}],"curies":[{"name":"wp","href":"https:\/\/api.w.org\/{rel}","templated":true}]}}